{"id":6629,"date":"2011-02-14T14:47:40","date_gmt":"2011-02-14T13:47:40","guid":{"rendered":"http:\/\/www.ecocopro.com\/"},"modified":"2021-03-23T12:40:40","modified_gmt":"2021-03-23T11:40:40","slug":"conferences-et-formations","status":"publish","type":"page","link":"https:\/\/ecocopro.com\/?page_id=6629","title":{"rendered":"Conf\u00e9rences et formations"},"content":{"rendered":"<p>Contactez-nous :<\/p>\n<p>Nous pouvons organiser\u00a0 \u00ab\u00a0\u00e0 la carte\u00a0\u00bb\u00a0 :<\/p>\n<p>Formations, S\u00e9minaires, Colloques ou Conf\u00e9rences, mises \u00e0 niveau personnelles, coaching\u00a0sur la transformation d&rsquo;une <em>copropri\u00e9t\u00e9<\/em> en <em>\u00e9co-copropri\u00e9t\u00e9<\/em>, les \u00e9conomies d&rsquo;\u00e9nergie dans les immeubles apr\u00e8s le Grenelle de l&rsquo;environnement, la sur\u00e9l\u00e9vation et la vente des toits pour autofiancer les r\u00e9novations des batiments, les assurances construction etc&#8230;<\/p>\n<p>A l&rsquo;aide d&rsquo;un partenariat sign\u00e9 avec <strong>CHALLENGE EXPERTS,\u00a0<\/strong>compos\u00e9 de sp\u00e9cialistes (Avocats, architectes, sociologues,sp\u00e9cialistes du marketing,des relations humaines dans les copropri\u00e9t\u00e9s difficiles ou non, conseils en financement de travaux et subventions, bureaux d&rsquo;\u00e9tudes sp\u00e9cialis\u00e9s en copropri\u00e9t\u00e9),nous intervenons sur toutes les probl\u00e9matiques en copropri\u00e9t\u00e9.<\/p>\n<p>Interrogez-nous par e-mail sur vos souhaits et\u00a0vos besoins\u00a0:<\/p>\n<p>Comit\u00e9s d&rsquo;entreprises, Professionnels de l&rsquo;immobilier, Gestionnaires, Syndics,Conseils syndicaux Copropri\u00e9taires, bailleurs sociaux cherchant \u00e0 s&rsquo;informer, Entreprises de formation sont nos clients.<\/p>\n<p>8,5 millions de\u00a0lots de copropri\u00e9t\u00e9\u00a0en France, soit 30 millions de copropri\u00e9taires, 30 000 agents immobiliers,600.000 nouveaux \u00ab\u00a0emplois verts\u00a0\u00bb attendus avant 2020&#8230;<\/p>\n<p>Tous\u00a0devraient \u00eatre inform\u00e9s convenablement pour mesurer les enjeux, sans exc\u00e8s de technicit\u00e9 mais tout simplement pour savoir de quoi l&rsquo;on parle en mati\u00e8re d&rsquo;\u00e9nergies renouvelables et des \u00e9conomies de charges qui\u00a0doivent en r\u00e9sulter en faisant des travaux utiles et financ\u00e9s par les aides et subventions ou autres cr\u00e9dits fiscaux&#8230;<\/p>\n<p>Contact : <a href=\"mailto:ecocopro@gmail.com\">ecocopro@gmail.com<\/a><\/p>\n<p>L&rsquo;\u00e9quipe Ecocopro.com<\/p>\n","protected":false},"excerpt":{"rendered":"<p>Contactez-nous : Nous pouvons organiser\u00a0 \u00ab\u00a0\u00e0 la carte\u00a0\u00bb\u00a0 : Formations, S\u00e9minaires, Colloques ou Conf\u00e9rences, mises \u00e0 niveau personnelles, coaching\u00a0sur la transformation d&rsquo;une copropri\u00e9t\u00e9 en \u00e9co-copropri\u00e9t\u00e9, les \u00e9conomies d&rsquo;\u00e9nergie dans les immeubles apr\u00e8s le Grenelle de l&rsquo;environnement, la sur\u00e9l\u00e9vation et la vente des toits pour autofiancer les r\u00e9novations des batiments, les assurances construction etc&#8230; A l&rsquo;aide [&hellip;]<\/p>\n","protected":false},"author":2,"featured_media":0,"parent":2,"menu_order":0,"comment_status":"closed","ping_status":"open","template":"","meta":[],"_links":{"self":[{"href":"https:\/\/ecocopro.com\/index.php?rest_route=\/wp\/v2\/pages\/6629"}],"collection":[{"href":"https:\/\/ecocopro.com\/index.php?rest_route=\/wp\/v2\/pages"}],"about":[{"href":"https:\/\/ecocopro.com\/index.php?rest_route=\/wp\/v2\/types\/page"}],"author":[{"embeddable":true,"href":"https:\/\/ecocopro.com\/index.php?rest_route=\/wp\/v2\/users\/2"}],"replies":[{"embeddable":true,"href":"https:\/\/ecocopro.com\/index.php?rest_route=%2Fwp%2Fv2%2Fcomments&post=6629"}],"version-history":[{"count":6,"href":"https:\/\/ecocopro.com\/index.php?rest_route=\/wp\/v2\/pages\/6629\/revisions"}],"predecessor-version":[{"id":12051,"href":"https:\/\/ecocopro.com\/index.php?rest_route=\/wp\/v2\/pages\/6629\/revisions\/12051"}],"up":[{"embeddable":true,"href":"https:\/\/ecocopro.com\/index.php?rest_route=\/wp\/v2\/pages\/2"}],"wp:attachment":[{"href":"https:\/\/ecocopro.com\/index.php?rest_route=%2Fwp%2Fv2%2Fmedia&parent=6629"}],"curies":[{"name":"wp","href":"https:\/\/api.w.org\/{rel}","templated":true}]}}