{"id":8,"date":"2012-11-07T10:22:15","date_gmt":"2012-11-07T09:22:15","guid":{"rendered":"http:\/\/www.ecocopro.com\/?page_id=8"},"modified":"2021-03-23T12:50:17","modified_gmt":"2021-03-23T11:50:17","slug":"qui-sommes-nous","status":"publish","type":"page","link":"https:\/\/ecocopro.com\/?page_id=8","title":{"rendered":"Qui sommes nous ?"},"content":{"rendered":"<h3 class=\"MsoNormal\"><span lang=\"FR\">ECOCOPRO\u00ae<\/span><\/h3>\n<h3 class=\"MsoNormal\" style=\"text-align: left;\"><span lang=\"FR\"><br \/>\nLES ECO-COPROPRIETES VERTES !<\/span><\/h3>\n<h3 class=\"MsoNormal\" style=\"text-align: left;\"><span style=\"color: #ff0000;\"><span style=\"color: #000000;\">Ce site compile les informations pratiques\u00a0\u00a0qu&rsquo;il faut connaitre si l&rsquo;on s&rsquo;interesse aux \u00e9conomies d&rsquo;\u00e9nergie et au d\u00e9veloppement durable dans les immeubles notamment en copropri\u00e9t\u00e9 et plus g\u00e9n\u00e9ralement \u00e0 la r\u00e9novation pour \u00e9viter les copropri\u00e9t\u00e9s en difficult\u00e9s&#8230;<\/span><\/span><\/h3>\n<p><span style=\"color: #ff0000;\"><span style=\"color: #ff0000;\"><span style=\"color: #000000;\"><strong>\u00a0<em><span style=\"color: #ff0000;\"><span style=\"text-decoration: underline;\">Pourquoi \u00ab\u00a0ECOCOPRO\u00a0\u00bb?<\/span><\/span><\/em>\u00a0<\/strong>\u00a0\u00a0<\/span><\/span><\/span><\/p>\n<p class=\"MsoNormal\" style=\"text-align: left;\"><span lang=\"FR\"><em>Une <span style=\"color: #008000;\">ECO-COPRO <\/span>est une <span style=\"color: #008000;\">ECO-COPROPRIETE VERTE<\/span>:<\/em><\/span>\u00a0<span lang=\"FR\"><em>La copropri\u00e9t\u00e9 d&rsquo;origine va s&rsquo;occuper de la r\u00e9duction des \u00e9missions de CO2 en provenance de l&rsquo;immeuble conform\u00e9ment \u00e0 la nouvelle r\u00e9glementation issue du Grenelle de l&rsquo;environnement, des lois ALUR\/DUFLOT, LTE ROYAL, ELAN et de la l\u00e9gislation europ\u00e9enne.<\/em><\/span><\/p>\n<p class=\"MsoNormal\" style=\"text-align: left;\">\u00a0<span lang=\"FR\"><em>Un panel de travaux parfois subventionn\u00e9s par les diff\u00e9rentes aides financi\u00e8res ou r\u00e9ductions d&rsquo;impots va conduire \u00e0 \u00a0<span style=\"color: #008000;\">f<strong>aire baisser les facture<\/strong>s notamment \u00e9nergetiques de l&rsquo;immeuble et lui donner une nouvelle valeur.<\/span><\/em><\/span><\/p>\n<p>Des audits globaux de l&rsquo;immeuble (\u00ab\u00a0DTG\u00a0\u00bb) vont permettre une vision \u00e0 long terme permettant des plans pluriannuels de travaux, la sur\u00e9l\u00e9vation du batiment aussi car elle va permettre la vente du toit et l&rsquo;autofinancement des travaux !<\/p>\n<p class=\"MsoNormal\" style=\"text-align: left;\">\n<p class=\"MsoNormal\" style=\"text-align: left;\"><span lang=\"FR\">Au surplus, <span style=\"color: #ff0000;\">la valeur v\u00e9nale des appartements\u00a0<\/span><span style=\"color: #ff0000;\">augmentra <\/span>forc\u00e9ment et la qualit\u00e9 de vie des habitants sera am\u00e9lior\u00e9e.<\/span><\/p>\n<p class=\"MsoNormal\" style=\"text-align: left;\"><span lang=\"FR\">C&rsquo;est ce que les sp\u00e9cialistes appellent la\u00a0\u00bb<span style=\"text-decoration: underline;\"><span style=\"color: #ff0000;\">valeur verte<\/span>\u00ab\u00a0<\/span> d&rsquo;un patrimoine qui fera la diff\u00e9rence avec un bien identique mais non trait\u00e9!<\/span>\u00a0<span lang=\"FR\">\u00a0<\/span><\/p>\n<p class=\"MsoNormal\" style=\"text-align: left;\">Transformer une copropri\u00e9t\u00e9 en \u00e9co-copropri\u00e9t\u00e9?<\/p>\n<p class=\"MsoNormal\" style=\"text-align: left;\">Voici les enjeux:<\/p>\n<div title=\"Page 5\">\n<div>\n<div>\n<p><strong>Ma\u00eetriser les charges (anticiper l\u2019augmentation du prix des \u00e9nergies), P\u00e9renniser la valeur du patrimoine (am\u00e9liorer l\u2019\u00e9tiquette \u00e9nerg\u00e9tique), Accroitre la qualit\u00e9 de confort (confort thermique, acoustique, esth\u00e9tique), <\/strong><\/p>\n<p><strong>Acc\u00e9der \u00e0 de nouveaux services (Ex. rafraichissement, traitement de l\u2019air, recharge des voitures \u00e9l\u00e9ctriques, plans biodiversit\u00e9 des espaces verts, v\u00e9g\u00e9talisation).\u00a0<\/strong><\/p>\n<\/div>\n<\/div>\n<\/div>\n<p class=\"MsoNormal\" style=\"text-align: center;\"><img decoding=\"async\" loading=\"lazy\" class=\"aligncenter\" src=\"http:\/\/media.paperblog.fr\/i\/235\/2358374\/immeuble-ecologique-strasbourg-L-1.jpeg\" alt=\"\" width=\"456\" height=\"204\" \/>\u00a0<span lang=\"FR\"><em><br \/>\n<\/em><\/span><\/p>\n<p class=\"MsoNormal\" style=\"text-align: left;\">\u00a0<span style=\"color: #000000;\"><span lang=\"FR\"><em>CHAQUE JOUR CE SITE S&rsquo;ENRICHIT DE NOUVELLES INFORMATIONS !<\/em><\/span>\u00a0<\/span><\/p>\n<p class=\"MsoNormal\" style=\"text-align: left;\"><span lang=\"FR\">Aux Etats-Unis et en Grande Bretagne on peut choisir d&rsquo;acheter dans un \u00ab\u00a0<span style=\"color: #008000;\">green building<\/span>\u00a0\u00bb et l&rsquo;on sera un copropri\u00e9taire\u00a0\u00bb<span style=\"color: #008000;\">eco-friendly<\/span>\u00ab\u00a0.<\/span>\u00a0\u00a0<span lang=\"FR\">Au surplus,si l&rsquo;immeuble est donc\u00a0labellis\u00e9 \u00a0\u00bb\u00a0vert\u00a0\u00bb, sa valeur v\u00e9nale augmentera<\/span><span lang=\"FR\">.<\/span>\u00a0<span lang=\"FR\"><img decoding=\"async\" loading=\"lazy\" class=\"aligncenter\" src=\"http:\/\/www.zappos.com\/boutiques\/1682\/ecofriendly_main.jpg\" alt=\"\" width=\"81\" height=\"84\" \/><\/span><span lang=\"FR\">\u00a0<\/span><span style=\"text-align: left;\">Les copropri\u00e9t\u00e9s sont en retard!<\/span><\/p>\n<p>Elles ne maitrisent pas les calculs de v\u00e9tust\u00e9 et d&rsquo;obsolescence que pr\u00e9conise ECOCOPRO depuis plusieurs ann\u00e9es\u00a0 et elles se repassent d&rsquo;ann\u00e9es en ann\u00e9es les travaux comme un mistigri !<\/p>\n<p>Elles vont se d\u00e9grader !<\/p>\n<p>15 \u00e0 20% des copropri\u00e9t\u00e9s sont en difficult\u00e9s financi\u00e8res et il est donc urgent de r\u00e9duire leurs charges de fonctionnement et d&rsquo;\u00e9nergie.<\/p>\n<p>De nouveaux outils de gestion existent: Diagnostic technique global (DTG), audit \u00e9nerg\u00e9tique, DPE, plan pluriannuel de travaux, contrats de performance \u00e9nerg\u00e9tique etc&#8230;<\/p>\n<p>Ainsi que des plans gouvernementaux tels MA PRIM&rsquo;RENOV m\u00e9connus&#8230;<\/p>\n<p style=\"text-align: justify;\"><span style=\"text-align: left;\">Si les mesures publiques et l&rsquo;offre des professionnels restent en l&rsquo;\u00e9tat, le gain d&rsquo;\u00e9n\u00e9rgie dans les copropri\u00e9t\u00e9s sera de 15% en 2030 contre 38% fix\u00e9s comme objectif par les pouvoirs publics&#8230;<\/span><\/p>\n<p class=\"MsoNormal\" style=\"text-align: left;\">\u00a0La concentration de r\u00e9f\u00e9rence actuelle en CO2 de l&rsquo;atmosph\u00e8re est de 389 ppm (parties par million,soit 0,039%).<\/p>\n<p class=\"MsoNormal\" style=\"text-align: left;\">Un niveau sup\u00e9rieur de 37% \u00e0 ce qu&rsquo;il \u00e9tait en 1839.<\/p>\n<p class=\"MsoNormal\" style=\"text-align: left;\">\u00a0L&rsquo;effet de serre et le changement climatique pourraient faire que cette concentration grimpe \u00e0 1000ppm (0,1%) en 2100&#8230;<\/p>\n<p class=\"MsoNormal\" style=\"text-align: left;\">\u00a0Le CNRS pense que l&rsquo;augmentation de la teneur en CO2 renforce le stress (revue EMBO REPORTS\u00a0du 25\/02\/2011)&#8230;<\/p>\n<p class=\"MsoNormal\" style=\"text-align: center;\"><img decoding=\"async\" loading=\"lazy\" class=\"aligncenter\" src=\"http:\/\/t2.gstatic.com\/images?q=tbn:ANd9GcShPXCs8Gz7UucpeNvoByW3FS__xp1kq5O1z6fJp8uvAtS12fRnDg\" alt=\"\" width=\"267\" height=\"189\" \/><\/p>\n<p class=\"MsoNormal\" style=\"text-align: left;\"><strong><span lang=\"FR\">\u00a0<\/span><span lang=\"FR\"><em>Attention ! Ce site n\u2019est pas fait pour faire rayonner l\u2019int\u00e9grisme \u00e9cologique.<\/em><\/span><\/strong><\/p>\n<p class=\"MsoNormal\" style=\"text-align: left;\">\u00a0<span lang=\"FR\"><em><span style=\"color: #ff0000;\">Ici pas de Khmers verts<\/span>.<\/em><\/span><\/p>\n<div class=\"MsoNormal\" style=\"text-align: left;\">\n<p class=\"MsoNormal\" style=\"text-align: justify;\">\u00a0<span lang=\"FR\"><em>Simplement des informations rapides et aussi claires que possibles sur tous les grands sujets de l&rsquo;am\u00e9lioration du batiment et de l&rsquo;environnement par la baisse des factures \u00e9nerg\u00e9tiques dans les biens immobiliers sans analyse politique.<\/em><\/span><\/p>\n<p class=\"MsoNormal\" style=\"text-align: justify;\"><span lang=\"FR\"><em>Ce site n\u2019a pas \u00e9t\u00e9 con\u00e7u par des \u00e9cologistes mais par un Avocat honoraire\u00a0sp\u00e9cialis\u00e9 en droit de la copropri\u00e9t\u00e9, aid\u00e9 d\u2019ing\u00e9nieurs sp\u00e9cialistes en qualit\u00e9 environnementale des immeubles b\u00e2tis et en meilleure gouvernance de copropri\u00e9t\u00e9s en France et \u00e0 l&rsquo;\u00e9tranger, avec un partenariat \u00e9troit de <strong>l&rsquo;OBSERVATOIRE DES COPROPRIETES EXEMPLAIRES FRANCOPHONES (Bruxelles, Montr\u00e9al, Paris), bientot \u00e9tendu au Maroc.<\/strong><\/em><\/span><\/p>\n<div style=\"text-align: justify;\">\n<p class=\"MsoNormal\" style=\"text-align: justify;\">\u00a0<span lang=\"FR\"><span style=\"color: #008000;\">ECO COPRO\u00ae :\u00a0 RENOVER, VERDIR ET VALORISER LES IMMEUBLES EN COPROPRIETE<\/span><\/span><\/p>\n<p class=\"MsoNormal\" style=\"text-align: left;\">email: <a href=\"mailto:ecocopro@gmail.com\">ecocopro@gmail.com<\/a><\/p>\n<p class=\"MsoNormal\" style=\"text-align: justify;\">\n<\/div>\n<\/div>\n","protected":false},"excerpt":{"rendered":"<p>ECOCOPRO\u00ae LES ECO-COPROPRIETES VERTES ! Ce site compile les informations pratiques\u00a0\u00a0qu&rsquo;il faut connaitre si l&rsquo;on s&rsquo;interesse aux \u00e9conomies d&rsquo;\u00e9nergie et au d\u00e9veloppement durable dans les immeubles notamment en copropri\u00e9t\u00e9 et plus g\u00e9n\u00e9ralement \u00e0 la r\u00e9novation pour \u00e9viter les copropri\u00e9t\u00e9s en difficult\u00e9s&#8230; \u00a0Pourquoi \u00ab\u00a0ECOCOPRO\u00a0\u00bb?\u00a0\u00a0\u00a0 Une ECO-COPRO est une ECO-COPROPRIETE VERTE:\u00a0La copropri\u00e9t\u00e9 d&rsquo;origine va s&rsquo;occuper de la [&hellip;]<\/p>\n","protected":false},"author":2,"featured_media":0,"parent":2,"menu_order":0,"comment_status":"closed","ping_status":"open","template":"","meta":[],"_links":{"self":[{"href":"https:\/\/ecocopro.com\/index.php?rest_route=\/wp\/v2\/pages\/8"}],"collection":[{"href":"https:\/\/ecocopro.com\/index.php?rest_route=\/wp\/v2\/pages"}],"about":[{"href":"https:\/\/ecocopro.com\/index.php?rest_route=\/wp\/v2\/types\/page"}],"author":[{"embeddable":true,"href":"https:\/\/ecocopro.com\/index.php?rest_route=\/wp\/v2\/users\/2"}],"replies":[{"embeddable":true,"href":"https:\/\/ecocopro.com\/index.php?rest_route=%2Fwp%2Fv2%2Fcomments&post=8"}],"version-history":[{"count":66,"href":"https:\/\/ecocopro.com\/index.php?rest_route=\/wp\/v2\/pages\/8\/revisions"}],"predecessor-version":[{"id":12052,"href":"https:\/\/ecocopro.com\/index.php?rest_route=\/wp\/v2\/pages\/8\/revisions\/12052"}],"up":[{"embeddable":true,"href":"https:\/\/ecocopro.com\/index.php?rest_route=\/wp\/v2\/pages\/2"}],"wp:attachment":[{"href":"https:\/\/ecocopro.com\/index.php?rest_route=%2Fwp%2Fv2%2Fmedia&parent=8"}],"curies":[{"name":"wp","href":"https:\/\/api.w.org\/{rel}","templated":true}]}}